{"id":7531,"date":"2025-12-15T15:35:33","date_gmt":"2025-12-15T15:35:33","guid":{"rendered":"https:\/\/www.emeraudeseatec.com\/hybseago\/"},"modified":"2026-04-16T09:52:22","modified_gmt":"2026-04-16T09:52:22","slug":"hybseago","status":"publish","type":"page","link":"https:\/\/www.emeraudeseatec.com\/en\/hybseago\/","title":{"rendered":"HYBSEAGO"},"content":{"rendered":"\t\t<div data-elementor-type=\"wp-page\" data-elementor-id=\"7531\" class=\"elementor elementor-7531 elementor-87\" data-elementor-post-type=\"page\">\n\t\t\t\t<div class=\"elementor-element elementor-element-7e4f335 e-con-full e-flex e-con e-parent\" data-id=\"7e4f335\" data-element_type=\"container\" data-e-type=\"container\" data-settings=\"{&quot;background_background&quot;:&quot;classic&quot;}\">\n\t\t\t\t<div class=\"elementor-element elementor-element-6f91c04 elementor-widget elementor-widget-heading\" data-id=\"6f91c04\" data-element_type=\"widget\" data-e-type=\"widget\" data-widget_type=\"heading.default\">\n\t\t\t\t\t<h1 class=\"elementor-heading-title elementor-size-default\">Multihull HYBRIDATION<\/h1>\t\t\t\t<\/div>\n\t\t\t\t<div class=\"elementor-element elementor-element-8c20333 elementor-widget__width-initial elementor-absolute elementor-widget-divider--view-line elementor-widget elementor-widget-divider\" data-id=\"8c20333\" data-element_type=\"widget\" data-e-type=\"widget\" data-settings=\"{&quot;_position&quot;:&quot;absolute&quot;}\" data-widget_type=\"divider.default\">\n\t\t\t\t\t\t\t<div class=\"elementor-divider\">\n\t\t\t<span class=\"elementor-divider-separator\">\n\t\t\t\t\t\t<\/span>\n\t\t<\/div>\n\t\t\t\t\t\t<\/div>\n\t\t\t\t<\/div>\n\t\t<div class=\"elementor-element elementor-element-901ebac e-con-full e-flex e-con e-parent\" data-id=\"901ebac\" data-element_type=\"container\" data-e-type=\"container\">\n\t\t<div class=\"elementor-element elementor-element-92dbc0b e-flex e-con-boxed e-con e-child\" data-id=\"92dbc0b\" data-element_type=\"container\" data-e-type=\"container\">\n\t\t\t\t\t<div class=\"e-con-inner\">\n\t\t<div class=\"elementor-element elementor-element-47f8328 e-con-full e-flex e-con e-child\" data-id=\"47f8328\" data-element_type=\"container\" data-e-type=\"container\">\n\t\t\t\t<div class=\"elementor-element elementor-element-7b089d5 elementor-widget__width-initial elementor-widget elementor-widget-heading\" data-id=\"7b089d5\" data-element_type=\"widget\" data-e-type=\"widget\" data-widget_type=\"heading.default\">\n\t\t\t\t\t<h2 class=\"elementor-heading-title elementor-size-default\">Multihull hybridization solutions <\/h2>\t\t\t\t<\/div>\n\t\t\t\t<div class=\"elementor-element elementor-element-59625c3 elementor-widget elementor-widget-spacer\" data-id=\"59625c3\" data-element_type=\"widget\" data-e-type=\"widget\" data-widget_type=\"spacer.default\">\n\t\t\t\t\t\t\t<div class=\"elementor-spacer\">\n\t\t\t<div class=\"elementor-spacer-inner\"><\/div>\n\t\t<\/div>\n\t\t\t\t\t\t<\/div>\n\t\t\t\t<div class=\"elementor-element elementor-element-b9c1eca elementor-widget elementor-widget-image\" data-id=\"b9c1eca\" data-element_type=\"widget\" data-e-type=\"widget\" data-widget_type=\"image.default\">\n\t\t\t\t\t\t\t\t\t\t\t\t\t\t\t\t<a href=\"https:\/\/www.hybseago.com\/\" target=\"_blank\">\n\t\t\t\t\t\t\t<img alt=\"\" fetchpriority=\"high\" decoding=\"async\" width=\"800\" height=\"148\" src=\"https:\/\/www.emeraudeseatec.com\/wp-content\/uploads\/2026\/02\/Logo-horizontal-HYBSEAGO-2048x378-1-1024x189.png\" class=\"attachment-large size-large wp-image-7534\" alt=\"\" srcset=\"https:\/\/www.emeraudeseatec.com\/wp-content\/uploads\/2026\/02\/Logo-horizontal-HYBSEAGO-2048x378-1-1024x189.png 1024w, https:\/\/www.emeraudeseatec.com\/wp-content\/uploads\/2026\/02\/Logo-horizontal-HYBSEAGO-2048x378-1-300x55.png 300w, https:\/\/www.emeraudeseatec.com\/wp-content\/uploads\/2026\/02\/Logo-horizontal-HYBSEAGO-2048x378-1-768x142.png 768w, https:\/\/www.emeraudeseatec.com\/wp-content\/uploads\/2026\/02\/Logo-horizontal-HYBSEAGO-2048x378-1-1536x284.png 1536w, https:\/\/www.emeraudeseatec.com\/wp-content\/uploads\/2026\/02\/Logo-horizontal-HYBSEAGO-2048x378-1.png 2048w\" sizes=\"(max-width: 800px) 100vw, 800px\" \/>\t\t\t\t\t\t\t\t<\/a>\n\t\t\t\t\t\t\t\t\t\t\t\t\t\t\t<\/div>\n\t\t\t\t<\/div>\n\t\t<div class=\"elementor-element elementor-element-0c0b426 e-con-full e-flex e-con e-child\" data-id=\"0c0b426\" data-element_type=\"container\" data-e-type=\"container\">\n\t\t\t\t<div class=\"elementor-element elementor-element-f87f951 elementor-widget elementor-widget-text-editor\" data-id=\"f87f951\" data-element_type=\"widget\" data-e-type=\"widget\" data-widget_type=\"text-editor.default\">\n\t\t\t\t\t\t\t\t\t<p>HYBSEAGO is a CERTIFIED (CE &amp; ICNN) hybrid propulsion system for coastal and blue-water cruising yachts. <\/p><p>La solution embarque un moteur \u00e9lectrique de 25KW et un g\u00e9n\u00e9rateur \u00e9lectrique 12KVA, avec des composants technologiques garantissant le m\u00eame niveau de s\u00e9curit\u00e9 d\u2019efficience qu\u2019une motorisation thermique sur des bateaux de plaisance. <\/p><p>Available as original equipment or retrofit, this propulsion offers maximum autonomy for unlimited pleasure! <\/p><p> <\/p>\t\t\t\t\t\t\t\t<\/div>\n\t\t\t\t<div class=\"elementor-element elementor-element-222c66f elementor-widget__width-initial elementor-widget elementor-widget-button\" data-id=\"222c66f\" data-element_type=\"widget\" data-e-type=\"widget\" data-widget_type=\"button.default\">\n\t\t\t\t\t\t\t\t\t\t<a class=\"elementor-button elementor-button-link elementor-size-sm\" href=\"https:\/\/www.hybseago.com\/\" target=\"_blank\">\n\t\t\t\t\t\t<span class=\"elementor-button-content-wrapper\">\n\t\t\t\t\t\t\t\t\t<span class=\"elementor-button-text\">discover<\/span>\n\t\t\t\t\t<\/span>\n\t\t\t\t\t<\/a>\n\t\t\t\t\t\t\t\t<\/div>\n\t\t\t\t<\/div>\n\t\t\t\t\t<\/div>\n\t\t\t\t<\/div>\n\t\t\t\t<\/div>\n\t\t<div class=\"elementor-element elementor-element-f7d0306 e-flex e-con-boxed e-con e-parent\" data-id=\"f7d0306\" data-element_type=\"container\" data-e-type=\"container\">\n\t\t\t\t\t<div class=\"e-con-inner\">\n\t\t<div class=\"elementor-element elementor-element-49c31a8 e-con-full e-flex e-con e-child\" data-id=\"49c31a8\" data-element_type=\"container\" data-e-type=\"container\">\n\t\t\t\t<div class=\"elementor-element elementor-element-c73c92f elementor-widget__width-initial elementor-widget elementor-widget-heading\" data-id=\"c73c92f\" data-element_type=\"widget\" data-e-type=\"widget\" data-widget_type=\"heading.default\">\n\t\t\t\t\t<h2 class=\"elementor-heading-title elementor-size-default\">hybridization neel trimarans<\/h2>\t\t\t\t<\/div>\n\t\t\t\t<div class=\"elementor-element elementor-element-acc7244 elementor-widget__width-initial elementor-widget elementor-widget-text-editor\" data-id=\"acc7244\" data-element_type=\"widget\" data-e-type=\"widget\" data-widget_type=\"text-editor.default\">\n\t\t\t\t\t\t\t\t\t<p>The Rochelais shipyard has entrusted us with the Hybridization of two of its boats, the NEEL 43 and NEEL 47.<\/p>\n<p>Our solution is perfectly suited to a new NEEL TRIMARANS, or as a retrofit, whatever the boat\u2019s vintage.<\/p>\t\t\t\t\t\t\t\t<\/div>\n\t\t\t\t<div class=\"elementor-element elementor-element-b99773a elementor-widget__width-initial elementor-widget elementor-widget-button\" data-id=\"b99773a\" data-element_type=\"widget\" data-e-type=\"widget\" data-widget_type=\"button.default\">\n\t\t\t\t\t\t\t\t\t\t<a class=\"elementor-button elementor-button-link elementor-size-sm\" href=\"https:\/\/www.hybseago.com\/votre-projet\/\" target=\"_blank\">\n\t\t\t\t\t\t<span class=\"elementor-button-content-wrapper\">\n\t\t\t\t\t\t\t\t\t<span class=\"elementor-button-text\">discover<\/span>\n\t\t\t\t\t<\/span>\n\t\t\t\t\t<\/a>\n\t\t\t\t\t\t\t\t<\/div>\n\t\t\t\t<\/div>\n\t\t<div class=\"elementor-element elementor-element-2506520 e-con-full e-flex e-con e-child\" data-id=\"2506520\" data-element_type=\"container\" data-e-type=\"container\" data-settings=\"{&quot;background_background&quot;:&quot;classic&quot;}\">\n\t\t\t\t<\/div>\n\t\t\t\t\t<\/div>\n\t\t\t\t<\/div>\n\t\t<div class=\"elementor-element elementor-element-551c651 e-flex e-con-boxed e-con e-parent\" data-id=\"551c651\" data-element_type=\"container\" data-e-type=\"container\">\n\t\t\t\t\t<div class=\"e-con-inner\">\n\t\t<div class=\"elementor-element elementor-element-1d837f0 e-con-full e-flex e-con e-child\" data-id=\"1d837f0\" data-element_type=\"container\" data-e-type=\"container\" data-settings=\"{&quot;background_background&quot;:&quot;classic&quot;}\">\n\t\t\t\t<\/div>\n\t\t<div class=\"elementor-element elementor-element-954d37b e-con-full e-flex e-con e-child\" data-id=\"954d37b\" data-element_type=\"container\" data-e-type=\"container\">\n\t\t\t\t<div class=\"elementor-element elementor-element-eec4f8c elementor-widget__width-initial elementor-widget elementor-widget-heading\" data-id=\"eec4f8c\" data-element_type=\"widget\" data-e-type=\"widget\" data-widget_type=\"heading.default\">\n\t\t\t\t\t<h2 class=\"elementor-heading-title elementor-size-default\">hybridization others multihulls<\/h2>\t\t\t\t<\/div>\n\t\t\t\t<div class=\"elementor-element elementor-element-4421327 elementor-widget__width-initial elementor-widget elementor-widget-text-editor\" data-id=\"4421327\" data-element_type=\"widget\" data-e-type=\"widget\" data-widget_type=\"text-editor.default\">\n\t\t\t\t\t\t\t\t\t<p>L\u2019hybride pour la plaisance n\u2019est plus une promesse incertaine ; c\u2019est d\u00e9sormais une r\u00e9alit\u00e9<strong> fiable<\/strong> et <strong>innovante<\/strong>.<\/p><p>As a result, we are able to offer boaters a sailing experience in line with their values, thanks to a mature and reliable solution. It\u2019s adapted to coastal and offshore sailing programs on pleasure boats <\/p>\t\t\t\t\t\t\t\t<\/div>\n\t\t\t\t<div class=\"elementor-element elementor-element-161d397 elementor-widget__width-initial elementor-widget elementor-widget-button\" data-id=\"161d397\" data-element_type=\"widget\" data-e-type=\"widget\" data-widget_type=\"button.default\">\n\t\t\t\t\t\t\t\t\t\t<a class=\"elementor-button elementor-button-link elementor-size-sm\" href=\"https:\/\/www.hybseago.com\/\" target=\"_blank\">\n\t\t\t\t\t\t<span class=\"elementor-button-content-wrapper\">\n\t\t\t\t\t\t\t\t\t<span class=\"elementor-button-text\">discover<\/span>\n\t\t\t\t\t<\/span>\n\t\t\t\t\t<\/a>\n\t\t\t\t\t\t\t\t<\/div>\n\t\t\t\t<\/div>\n\t\t\t\t\t<\/div>\n\t\t\t\t<\/div>\n\t\t<div class=\"elementor-element elementor-element-e964ee5 e-flex e-con-boxed e-con e-parent\" data-id=\"e964ee5\" data-element_type=\"container\" data-e-type=\"container\" data-settings=\"{&quot;background_background&quot;:&quot;classic&quot;}\">\n\t\t\t\t\t<div class=\"e-con-inner\">\n\t\t<div class=\"elementor-element elementor-element-81c3799 e-con-full e-flex e-con e-child\" data-id=\"81c3799\" data-element_type=\"container\" data-e-type=\"container\">\n\t\t\t\t<div class=\"elementor-element elementor-element-560be87 elementor-widget elementor-widget-heading\" data-id=\"560be87\" data-element_type=\"widget\" data-e-type=\"widget\" data-widget_type=\"heading.default\">\n\t\t\t\t\t<h2 class=\"elementor-heading-title elementor-size-default\">Have questions or need information? Contact us.<\/h2>\t\t\t\t<\/div>\n\t\t\t\t<div class=\"elementor-element elementor-element-c340f62 elementor-widget elementor-widget-text-editor\" data-id=\"c340f62\" data-element_type=\"widget\" data-e-type=\"widget\" data-widget_type=\"text-editor.default\">\n\t\t\t\t\t\t\t\t\t<p>For a comprehensive vision and tailored support<\/p>\t\t\t\t\t\t\t\t<\/div>\n\t\t\t\t<\/div>\n\t\t<div class=\"elementor-element elementor-element-4a68fdb e-con-full e-flex e-con e-child\" data-id=\"4a68fdb\" data-element_type=\"container\" data-e-type=\"container\">\n\t\t\t\t<div class=\"elementor-element elementor-element-44a7f19 elementor-widget elementor-widget-image\" data-id=\"44a7f19\" data-element_type=\"widget\" data-e-type=\"widget\" data-widget_type=\"image.default\">\n\t\t\t\t\t\t\t\t\t\t\t\t\t\t\t\t<a href=\"https:\/\/www.emeraudeseatec.com\/contact\/\">\n\t\t\t\t\t\t\t<img alt=\"\" decoding=\"async\" width=\"317\" height=\"317\" src=\"https:\/\/www.emeraudeseatec.com\/wp-content\/uploads\/2025\/12\/fleche-blanc.svg\" class=\"attachment-large size-large wp-image-296\" alt=\"\" \/>\t\t\t\t\t\t\t\t<\/a>\n\t\t\t\t\t\t\t\t\t\t\t\t\t\t\t<\/div>\n\t\t\t\t<\/div>\n\t\t\t\t\t<\/div>\n\t\t\t\t<\/div>\n\t\t\t\t<\/div>\n\t\t","protected":false},"excerpt":{"rendered":"<p>Multihull HYBRIDATION Multihull hybridization solutions HYBSEAGO is a CERTIFIED (CE &amp; ICNN) hybrid propulsion system for coastal and blue-water cruising yachts. La solution embarque un moteur \u00e9lectrique de 25KW et un g\u00e9n\u00e9rateur \u00e9lectrique 12KVA, avec des composants technologiques garantissant le m\u00eame niveau de s\u00e9curit\u00e9 d\u2019efficience qu\u2019une motorisation thermique sur des bateaux de plaisance. Available as [&hellip;]<\/p>\n","protected":false},"author":1,"featured_media":0,"parent":0,"menu_order":0,"comment_status":"closed","ping_status":"closed","template":"","meta":{"_acf_changed":false,"_seopress_robots_primary_cat":"","_seopress_titles_title":"Hybrid yacht propulsion \u2013 HybSeago","_seopress_titles_desc":"Hybrid propulsion and energy transition, Innovative solutions for multihulls. Quieter and more sustainable sailing.","_seopress_robots_index":"","footnotes":""},"class_list":["post-7531","page","type-page","status-publish","hentry"],"acf":[],"_links":{"self":[{"href":"https:\/\/www.emeraudeseatec.com\/en\/wp-json\/wp\/v2\/pages\/7531","targetHints":{"allow":["GET"]}}],"collection":[{"href":"https:\/\/www.emeraudeseatec.com\/en\/wp-json\/wp\/v2\/pages"}],"about":[{"href":"https:\/\/www.emeraudeseatec.com\/en\/wp-json\/wp\/v2\/types\/page"}],"author":[{"embeddable":true,"href":"https:\/\/www.emeraudeseatec.com\/en\/wp-json\/wp\/v2\/users\/1"}],"replies":[{"embeddable":true,"href":"https:\/\/www.emeraudeseatec.com\/en\/wp-json\/wp\/v2\/comments?post=7531"}],"version-history":[{"count":1,"href":"https:\/\/www.emeraudeseatec.com\/en\/wp-json\/wp\/v2\/pages\/7531\/revisions"}],"predecessor-version":[{"id":7535,"href":"https:\/\/www.emeraudeseatec.com\/en\/wp-json\/wp\/v2\/pages\/7531\/revisions\/7535"}],"wp:attachment":[{"href":"https:\/\/www.emeraudeseatec.com\/en\/wp-json\/wp\/v2\/media?parent=7531"}],"curies":[{"name":"wp","href":"https:\/\/api.w.org\/{rel}","templated":true}]}}